{"id":94282,"date":"2020-12-24T09:05:48","date_gmt":"2020-12-24T08:05:48","guid":{"rendered":"https:\/\/xanatis.com\/~barcelonasotheby\/maisons-vente\/costa-brava\/roses\/"},"modified":"2024-04-22T19:55:40","modified_gmt":"2024-04-22T17:55:40","slug":"rosas","status":"publish","type":"page","link":"https:\/\/www.barcelona-sothebysrealty.com\/fr\/maison-vendre\/rosas\/","title":{"rendered":"Maisons de luxe \u00e0 vendre \u00e0 Rosas"},"content":{"rendered":"<p><span style=\"font-weight: 400;\">Chez Costa Brava Sotheby&rsquo;s International Realty, nous sommes sp\u00e9cialis\u00e9s dans l&rsquo;achat et la vente de propri\u00e9t\u00e9s r\u00e9sidentielles et dans la promotion de nouveaux projets de construction, tous situ\u00e9s dans les meilleures zones du littoral de G\u00e9rone et choisis dans le but de satisfaire les clients les plus exigeants.\u00a0<\/span><\/p>\n<p><span style=\"font-weight: 400;\">Situ\u00e9e au nord du Golf de Rosas, dans la r\u00e9gion de l&rsquo;Alt Empord\u00e0, Rosas est un grand centre touristique: elle poss\u00e8de deux ports, l&rsquo;un de p\u00eache et l&rsquo;autre sportif, et de nombreux restaurants et lotissements. Elle poss\u00e8de une longue plage de sable et d&rsquo;innombrables criques, dont l&rsquo;Almadrava, Canyelles Petites, Punta Flaconera et Montjoi. De plus, pour les amateurs de culture, il y a \u00e0 Rosas des vestiges arch\u00e9ologiques du pal\u00e9olithique : des dolmens et des menhirs avec plus de trois mille ans d&rsquo;histoire.\u00a0<\/span><\/p>\n<p><span style=\"font-weight: 400;\">Dans notre catalogue, vous trouverez des maisons exclusives \u00e0 vendre \u00e0 Rosas, Costa Brava, toutes s\u00e9lectionn\u00e9es selon nos normes de qualit\u00e9 les plus exigeantes, en pensant toujours au bien-\u00eatre et \u00e0 l&rsquo;int\u00e9r\u00eat des futurs propri\u00e9taires ou investisseurs.<\/span><\/p>\n","protected":false},"excerpt":{"rendered":"<p>Chez Costa Brava Sotheby&rsquo;s International Realty, nous sommes sp\u00e9cialis\u00e9s dans l&rsquo;achat et la vente de propri\u00e9t\u00e9s r\u00e9sidentielles et dans la<a class=\"more-link\" href=\"https:\/\/www.barcelona-sothebysrealty.com\/fr\/maison-vendre\/rosas\/\">Llegir M\u00e9s<\/a><\/p>\n","protected":false},"author":2,"featured_media":0,"parent":94066,"menu_order":0,"comment_status":"closed","ping_status":"closed","template":"page-listado.php","meta":[],"yoast_head":"<!-- This site is optimized with the Yoast SEO plugin v17.1 - https:\/\/yoast.com\/wordpress\/plugins\/seo\/ -->\n<meta name=\"description\" content=\"Maisons de luxe exclusives \u00e0 Rosas face \u00e0 la mer, propri\u00e9t\u00e9s uniques avec jardins ou demeures avec des vues in\u00e9gal\u00e9es.\" \/>\n<meta name=\"robots\" content=\"index, follow, max-snippet:-1, max-image-preview:large, max-video-preview:-1\" \/>\n<meta property=\"og:locale\" content=\"fr_FR\" \/>\n<meta property=\"og:type\" content=\"article\" \/>\n<meta property=\"og:title\" content=\"Maison \u00e0 vendre Rosas | Maisons d&#039;exception | Sotheby&#039;s\" \/>\n<meta property=\"og:description\" content=\"Maisons de luxe exclusives \u00e0 Rosas face \u00e0 la mer, propri\u00e9t\u00e9s uniques avec jardins ou demeures avec des vues in\u00e9gal\u00e9es.\" \/>\n<meta property=\"og:url\" content=\"https:\/\/www.barcelona-sothebysrealty.com\/fr\/maison-vendre\/rosas\/\" \/>\n<meta property=\"og:site_name\" content=\"Barcelona Sotheby&#039;s Realty\" \/>\n<meta property=\"article:modified_time\" content=\"2024-04-22T17:55:40+00:00\" \/>\n<meta name=\"twitter:card\" content=\"summary_large_image\" \/>\n<meta name=\"twitter:label1\" content=\"Dur\u00e9e de lecture est.\" \/>\n\t<meta name=\"twitter:data1\" content=\"1 minute\" \/>\n<script type=\"application\/ld+json\" class=\"yoast-schema-graph\">{\"@context\":\"https:\/\/schema.org\",\"@graph\":[{\"@type\":\"Organization\",\"@id\":\"https:\/\/www.barcelona-sothebysrealty.com\/es\/#organization\",\"name\":\"Barcelona Sotheby's Realty\",\"url\":\"https:\/\/www.barcelona-sothebysrealty.com\/es\/\",\"sameAs\":[],\"logo\":{\"@type\":\"ImageObject\",\"@id\":\"https:\/\/www.barcelona-sothebysrealty.com\/es\/#logo\",\"inLanguage\":\"fr-FR\",\"url\":\"https:\/\/www.barcelona-sothebysrealty.com\/wp-content\/uploads\/2023\/10\/sothebys-barcelona-logo-3.png\",\"contentUrl\":\"https:\/\/www.barcelona-sothebysrealty.com\/wp-content\/uploads\/2023\/10\/sothebys-barcelona-logo-3.png\",\"width\":274,\"height\":274,\"caption\":\"Barcelona Sotheby's Realty\"},\"image\":{\"@id\":\"https:\/\/www.barcelona-sothebysrealty.com\/es\/#logo\"}},{\"@type\":\"WebSite\",\"@id\":\"https:\/\/www.barcelona-sothebysrealty.com\/es\/#website\",\"url\":\"https:\/\/www.barcelona-sothebysrealty.com\/es\/\",\"name\":\"Barcelona Sotheby&#039;s\",\"description\":\"Otro sitio realizado con WordPress\",\"publisher\":{\"@id\":\"https:\/\/www.barcelona-sothebysrealty.com\/es\/#organization\"},\"potentialAction\":[{\"@type\":\"SearchAction\",\"target\":{\"@type\":\"EntryPoint\",\"urlTemplate\":\"https:\/\/www.barcelona-sothebysrealty.com\/es\/?s={search_term_string}\"},\"query-input\":\"required name=search_term_string\"}],\"inLanguage\":\"fr-FR\"},{\"@type\":\"WebPage\",\"@id\":\"https:\/\/www.barcelona-sothebysrealty.com\/fr\/maison-vendre\/rosas\/#webpage\",\"url\":\"https:\/\/www.barcelona-sothebysrealty.com\/fr\/maison-vendre\/rosas\/\",\"name\":\"Maison \\u00e0 vendre Rosas | Maisons d'exception | Sotheby's\",\"isPartOf\":{\"@id\":\"https:\/\/www.barcelona-sothebysrealty.com\/es\/#website\"},\"datePublished\":\"2020-12-24T08:05:48+00:00\",\"dateModified\":\"2024-04-22T17:55:40+00:00\",\"description\":\"Maisons de luxe exclusives \\u00e0 Rosas face \\u00e0 la mer, propri\\u00e9t\\u00e9s uniques avec jardins ou demeures avec des vues in\\u00e9gal\\u00e9es.\",\"breadcrumb\":{\"@id\":\"https:\/\/www.barcelona-sothebysrealty.com\/fr\/maison-vendre\/rosas\/#breadcrumb\"},\"inLanguage\":\"fr-FR\",\"potentialAction\":[{\"@type\":\"ReadAction\",\"target\":[\"https:\/\/www.barcelona-sothebysrealty.com\/fr\/maison-vendre\/rosas\/\"]}]},{\"@type\":\"BreadcrumbList\",\"@id\":\"https:\/\/www.barcelona-sothebysrealty.com\/fr\/maison-vendre\/rosas\/#breadcrumb\",\"itemListElement\":[{\"@type\":\"ListItem\",\"position\":1,\"name\":\"Portada\",\"item\":\"https:\/\/www.barcelona-sothebysrealty.com\/fr\/\"},{\"@type\":\"ListItem\",\"position\":2,\"name\":\"Barcelone et Costa Brava &#8211; Achat et vente de logements de luxe\",\"item\":\"https:\/\/www.barcelona-sothebysrealty.com\/fr\/maison-vendre\/\"},{\"@type\":\"ListItem\",\"position\":3,\"name\":\"Maisons de luxe \\u00e0 vendre \\u00e0 Rosas\"}]}]}<\/script>\n<!-- \/ Yoast SEO plugin. -->","yoast_head_json":{"description":"Maisons de luxe exclusives \u00e0 Rosas face \u00e0 la mer, propri\u00e9t\u00e9s uniques avec jardins ou demeures avec des vues in\u00e9gal\u00e9es.","robots":{"index":"index","follow":"follow","max-snippet":"max-snippet:-1","max-image-preview":"max-image-preview:large","max-video-preview":"max-video-preview:-1"},"og_locale":"fr_FR","og_type":"article","og_title":"Maison \u00e0 vendre Rosas | Maisons d'exception | Sotheby's","og_description":"Maisons de luxe exclusives \u00e0 Rosas face \u00e0 la mer, propri\u00e9t\u00e9s uniques avec jardins ou demeures avec des vues in\u00e9gal\u00e9es.","og_url":"https:\/\/www.barcelona-sothebysrealty.com\/fr\/maison-vendre\/rosas\/","og_site_name":"Barcelona Sotheby's Realty","article_modified_time":"2024-04-22T17:55:40+00:00","twitter_card":"summary_large_image","twitter_misc":{"Dur\u00e9e de lecture est.":"1 minute"},"schema":{"@context":"https:\/\/schema.org","@graph":[{"@type":"Organization","@id":"https:\/\/www.barcelona-sothebysrealty.com\/es\/#organization","name":"Barcelona Sotheby's Realty","url":"https:\/\/www.barcelona-sothebysrealty.com\/es\/","sameAs":[],"logo":{"@type":"ImageObject","@id":"https:\/\/www.barcelona-sothebysrealty.com\/es\/#logo","inLanguage":"fr-FR","url":"https:\/\/www.barcelona-sothebysrealty.com\/wp-content\/uploads\/2023\/10\/sothebys-barcelona-logo-3.png","contentUrl":"https:\/\/www.barcelona-sothebysrealty.com\/wp-content\/uploads\/2023\/10\/sothebys-barcelona-logo-3.png","width":274,"height":274,"caption":"Barcelona Sotheby's Realty"},"image":{"@id":"https:\/\/www.barcelona-sothebysrealty.com\/es\/#logo"}},{"@type":"WebSite","@id":"https:\/\/www.barcelona-sothebysrealty.com\/es\/#website","url":"https:\/\/www.barcelona-sothebysrealty.com\/es\/","name":"Barcelona Sotheby&#039;s","description":"Otro sitio realizado con WordPress","publisher":{"@id":"https:\/\/www.barcelona-sothebysrealty.com\/es\/#organization"},"potentialAction":[{"@type":"SearchAction","target":{"@type":"EntryPoint","urlTemplate":"https:\/\/www.barcelona-sothebysrealty.com\/es\/?s={search_term_string}"},"query-input":"required name=search_term_string"}],"inLanguage":"fr-FR"},{"@type":"WebPage","@id":"https:\/\/www.barcelona-sothebysrealty.com\/fr\/maison-vendre\/rosas\/#webpage","url":"https:\/\/www.barcelona-sothebysrealty.com\/fr\/maison-vendre\/rosas\/","name":"Maison \u00e0 vendre Rosas | Maisons d'exception | Sotheby's","isPartOf":{"@id":"https:\/\/www.barcelona-sothebysrealty.com\/es\/#website"},"datePublished":"2020-12-24T08:05:48+00:00","dateModified":"2024-04-22T17:55:40+00:00","description":"Maisons de luxe exclusives \u00e0 Rosas face \u00e0 la mer, propri\u00e9t\u00e9s uniques avec jardins ou demeures avec des vues in\u00e9gal\u00e9es.","breadcrumb":{"@id":"https:\/\/www.barcelona-sothebysrealty.com\/fr\/maison-vendre\/rosas\/#breadcrumb"},"inLanguage":"fr-FR","potentialAction":[{"@type":"ReadAction","target":["https:\/\/www.barcelona-sothebysrealty.com\/fr\/maison-vendre\/rosas\/"]}]},{"@type":"BreadcrumbList","@id":"https:\/\/www.barcelona-sothebysrealty.com\/fr\/maison-vendre\/rosas\/#breadcrumb","itemListElement":[{"@type":"ListItem","position":1,"name":"Portada","item":"https:\/\/www.barcelona-sothebysrealty.com\/fr\/"},{"@type":"ListItem","position":2,"name":"Barcelone et Costa Brava &#8211; Achat et vente de logements de luxe","item":"https:\/\/www.barcelona-sothebysrealty.com\/fr\/maison-vendre\/"},{"@type":"ListItem","position":3,"name":"Maisons de luxe \u00e0 vendre \u00e0 Rosas"}]}]}},"_links":{"self":[{"href":"https:\/\/www.barcelona-sothebysrealty.com\/fr\/wp-json\/wp\/v2\/pages\/94282"}],"collection":[{"href":"https:\/\/www.barcelona-sothebysrealty.com\/fr\/wp-json\/wp\/v2\/pages"}],"about":[{"href":"https:\/\/www.barcelona-sothebysrealty.com\/fr\/wp-json\/wp\/v2\/types\/page"}],"author":[{"embeddable":true,"href":"https:\/\/www.barcelona-sothebysrealty.com\/fr\/wp-json\/wp\/v2\/users\/2"}],"replies":[{"embeddable":true,"href":"https:\/\/www.barcelona-sothebysrealty.com\/fr\/wp-json\/wp\/v2\/comments?post=94282"}],"version-history":[{"count":0,"href":"https:\/\/www.barcelona-sothebysrealty.com\/fr\/wp-json\/wp\/v2\/pages\/94282\/revisions"}],"up":[{"embeddable":true,"href":"https:\/\/www.barcelona-sothebysrealty.com\/fr\/wp-json\/wp\/v2\/pages\/94066"}],"wp:attachment":[{"href":"https:\/\/www.barcelona-sothebysrealty.com\/fr\/wp-json\/wp\/v2\/media?parent=94282"}],"curies":[{"name":"wp","href":"https:\/\/api.w.org\/{rel}","templated":true}]}}