{"id":94383,"date":"2020-12-03T11:48:16","date_gmt":"2020-12-03T10:48:16","guid":{"rendered":"https:\/\/xanatis.com\/~barcelonasotheby\/penthouses-vente\/barcelona\/diagonal-mar\/"},"modified":"2021-05-21T10:25:51","modified_gmt":"2021-05-21T08:25:51","slug":"diagonal-mar","status":"publish","type":"page","link":"https:\/\/www.barcelona-sothebysrealty.com\/fr\/penthouses-vente\/barcelone\/diagonal-mar\/","title":{"rendered":"Penthouses de luxe \u00e0 Diagonal Mar"},"content":{"rendered":"<p><span style=\"font-weight: 400;\">De Barcelona Sotheby&rsquo;s International Realty, sp\u00e9cialiste de l&rsquo;achat et de la vente de penthouses Diagonal Mar, vous trouverez \u00e0 la fois des propri\u00e9t\u00e9s r\u00e9sidentielles pr\u00eates \u00e0 emm\u00e9nager et des projets de construction en cours. Construits dans des domaines modernistes, con\u00e7us comme des espaces minimalistes ou avec des vues spectaculaires sur la ville, les penthouses de la ville proviennent d&rsquo;un des quartiers les plus recherch\u00e9s.<\/span><\/p>\n<p><span style=\"font-weight: 400;\">Si vous recherchez des penthouses de luxe \u00e0 Diagonal Mar Barcelona, Sotheby&rsquo;s International Realty est ce qu&rsquo;il vous faut. Dans notre catalogue, vous trouverez les meilleurs penthouses de luxe, choisis avec soin pour vous.<\/span><\/p>\n","protected":false},"excerpt":{"rendered":"<p>De Barcelona Sotheby&rsquo;s International Realty, sp\u00e9cialiste de l&rsquo;achat et de la vente de penthouses Diagonal Mar, vous trouverez \u00e0 la<a class=\"more-link\" href=\"https:\/\/www.barcelona-sothebysrealty.com\/fr\/penthouses-vente\/barcelone\/diagonal-mar\/\">Llegir M\u00e9s<\/a><\/p>\n","protected":false},"author":2,"featured_media":0,"parent":94318,"menu_order":0,"comment_status":"closed","ping_status":"closed","template":"page-listado.php","meta":[],"yoast_head":"<!-- This site is optimized with the Yoast SEO plugin v17.1 - https:\/\/yoast.com\/wordpress\/plugins\/seo\/ -->\n<meta name=\"robots\" content=\"index, follow, max-snippet:-1, max-image-preview:large, max-video-preview:-1\" \/>\n<meta property=\"og:locale\" content=\"fr_FR\" \/>\n<meta property=\"og:type\" content=\"article\" \/>\n<meta property=\"og:title\" content=\"Penthouses de luxe \u00e0 Diagonal Mar - Barcelona Sotheby&#039;s\" \/>\n<meta property=\"og:description\" content=\"De Barcelona Sotheby&rsquo;s International Realty, sp\u00e9cialiste de l&rsquo;achat et de la vente de penthouses Diagonal Mar, vous trouverez \u00e0 laLlegir M\u00e9s\" \/>\n<meta property=\"og:url\" content=\"https:\/\/www.barcelona-sothebysrealty.com\/fr\/penthouses-vente\/barcelone\/diagonal-mar\/\" \/>\n<meta property=\"og:site_name\" content=\"Barcelona Sotheby&#039;s Realty\" \/>\n<meta property=\"article:modified_time\" content=\"2021-05-21T08:25:51+00:00\" \/>\n<meta name=\"twitter:card\" content=\"summary_large_image\" \/>\n<meta name=\"twitter:label1\" content=\"Dur\u00e9e de lecture est.\" \/>\n\t<meta name=\"twitter:data1\" content=\"1 minute\" \/>\n<script type=\"application\/ld+json\" class=\"yoast-schema-graph\">{\"@context\":\"https:\/\/schema.org\",\"@graph\":[{\"@type\":\"Organization\",\"@id\":\"https:\/\/www.barcelona-sothebysrealty.com\/es\/#organization\",\"name\":\"Barcelona Sotheby's Realty\",\"url\":\"https:\/\/www.barcelona-sothebysrealty.com\/es\/\",\"sameAs\":[],\"logo\":{\"@type\":\"ImageObject\",\"@id\":\"https:\/\/www.barcelona-sothebysrealty.com\/es\/#logo\",\"inLanguage\":\"fr-FR\",\"url\":\"https:\/\/www.barcelona-sothebysrealty.com\/wp-content\/uploads\/2023\/10\/sothebys-barcelona-logo-3.png\",\"contentUrl\":\"https:\/\/www.barcelona-sothebysrealty.com\/wp-content\/uploads\/2023\/10\/sothebys-barcelona-logo-3.png\",\"width\":274,\"height\":274,\"caption\":\"Barcelona Sotheby's Realty\"},\"image\":{\"@id\":\"https:\/\/www.barcelona-sothebysrealty.com\/es\/#logo\"}},{\"@type\":\"WebSite\",\"@id\":\"https:\/\/www.barcelona-sothebysrealty.com\/es\/#website\",\"url\":\"https:\/\/www.barcelona-sothebysrealty.com\/es\/\",\"name\":\"Barcelona Sotheby&#039;s\",\"description\":\"Otro sitio realizado con WordPress\",\"publisher\":{\"@id\":\"https:\/\/www.barcelona-sothebysrealty.com\/es\/#organization\"},\"potentialAction\":[{\"@type\":\"SearchAction\",\"target\":{\"@type\":\"EntryPoint\",\"urlTemplate\":\"https:\/\/www.barcelona-sothebysrealty.com\/es\/?s={search_term_string}\"},\"query-input\":\"required name=search_term_string\"}],\"inLanguage\":\"fr-FR\"},{\"@type\":\"WebPage\",\"@id\":\"https:\/\/www.barcelona-sothebysrealty.com\/fr\/penthouses-vente\/barcelone\/diagonal-mar\/#webpage\",\"url\":\"https:\/\/www.barcelona-sothebysrealty.com\/fr\/penthouses-vente\/barcelone\/diagonal-mar\/\",\"name\":\"Penthouses de luxe \\u00e0 Diagonal Mar - Barcelona Sotheby&#039;s\",\"isPartOf\":{\"@id\":\"https:\/\/www.barcelona-sothebysrealty.com\/es\/#website\"},\"datePublished\":\"2020-12-03T10:48:16+00:00\",\"dateModified\":\"2021-05-21T08:25:51+00:00\",\"breadcrumb\":{\"@id\":\"https:\/\/www.barcelona-sothebysrealty.com\/fr\/penthouses-vente\/barcelone\/diagonal-mar\/#breadcrumb\"},\"inLanguage\":\"fr-FR\",\"potentialAction\":[{\"@type\":\"ReadAction\",\"target\":[\"https:\/\/www.barcelona-sothebysrealty.com\/fr\/penthouses-vente\/barcelone\/diagonal-mar\/\"]}]},{\"@type\":\"BreadcrumbList\",\"@id\":\"https:\/\/www.barcelona-sothebysrealty.com\/fr\/penthouses-vente\/barcelone\/diagonal-mar\/#breadcrumb\",\"itemListElement\":[{\"@type\":\"ListItem\",\"position\":1,\"name\":\"Portada\",\"item\":\"https:\/\/www.barcelona-sothebysrealty.com\/fr\/\"},{\"@type\":\"ListItem\",\"position\":2,\"name\":\"Penthouses \\u00e0 vendre Barcelone &#8211; Achat et vente de penthouses de luxe\",\"item\":\"https:\/\/www.barcelona-sothebysrealty.com\/fr\/penthouses-vente\/\"},{\"@type\":\"ListItem\",\"position\":3,\"name\":\"Penthouses de luxe \\u00e0 Barcelone\",\"item\":\"https:\/\/www.barcelona-sothebysrealty.com\/fr\/penthouses-vente\/barcelone\/\"},{\"@type\":\"ListItem\",\"position\":4,\"name\":\"Penthouses de luxe \\u00e0 Diagonal Mar\"}]}]}<\/script>\n<!-- \/ Yoast SEO plugin. -->","yoast_head_json":{"robots":{"index":"index","follow":"follow","max-snippet":"max-snippet:-1","max-image-preview":"max-image-preview:large","max-video-preview":"max-video-preview:-1"},"og_locale":"fr_FR","og_type":"article","og_title":"Penthouses de luxe \u00e0 Diagonal Mar - Barcelona Sotheby&#039;s","og_description":"De Barcelona Sotheby&rsquo;s International Realty, sp\u00e9cialiste de l&rsquo;achat et de la vente de penthouses Diagonal Mar, vous trouverez \u00e0 laLlegir M\u00e9s","og_url":"https:\/\/www.barcelona-sothebysrealty.com\/fr\/penthouses-vente\/barcelone\/diagonal-mar\/","og_site_name":"Barcelona Sotheby's Realty","article_modified_time":"2021-05-21T08:25:51+00:00","twitter_card":"summary_large_image","twitter_misc":{"Dur\u00e9e de lecture est.":"1 minute"},"schema":{"@context":"https:\/\/schema.org","@graph":[{"@type":"Organization","@id":"https:\/\/www.barcelona-sothebysrealty.com\/es\/#organization","name":"Barcelona Sotheby's Realty","url":"https:\/\/www.barcelona-sothebysrealty.com\/es\/","sameAs":[],"logo":{"@type":"ImageObject","@id":"https:\/\/www.barcelona-sothebysrealty.com\/es\/#logo","inLanguage":"fr-FR","url":"https:\/\/www.barcelona-sothebysrealty.com\/wp-content\/uploads\/2023\/10\/sothebys-barcelona-logo-3.png","contentUrl":"https:\/\/www.barcelona-sothebysrealty.com\/wp-content\/uploads\/2023\/10\/sothebys-barcelona-logo-3.png","width":274,"height":274,"caption":"Barcelona Sotheby's Realty"},"image":{"@id":"https:\/\/www.barcelona-sothebysrealty.com\/es\/#logo"}},{"@type":"WebSite","@id":"https:\/\/www.barcelona-sothebysrealty.com\/es\/#website","url":"https:\/\/www.barcelona-sothebysrealty.com\/es\/","name":"Barcelona Sotheby&#039;s","description":"Otro sitio realizado con WordPress","publisher":{"@id":"https:\/\/www.barcelona-sothebysrealty.com\/es\/#organization"},"potentialAction":[{"@type":"SearchAction","target":{"@type":"EntryPoint","urlTemplate":"https:\/\/www.barcelona-sothebysrealty.com\/es\/?s={search_term_string}"},"query-input":"required name=search_term_string"}],"inLanguage":"fr-FR"},{"@type":"WebPage","@id":"https:\/\/www.barcelona-sothebysrealty.com\/fr\/penthouses-vente\/barcelone\/diagonal-mar\/#webpage","url":"https:\/\/www.barcelona-sothebysrealty.com\/fr\/penthouses-vente\/barcelone\/diagonal-mar\/","name":"Penthouses de luxe \u00e0 Diagonal Mar - Barcelona Sotheby&#039;s","isPartOf":{"@id":"https:\/\/www.barcelona-sothebysrealty.com\/es\/#website"},"datePublished":"2020-12-03T10:48:16+00:00","dateModified":"2021-05-21T08:25:51+00:00","breadcrumb":{"@id":"https:\/\/www.barcelona-sothebysrealty.com\/fr\/penthouses-vente\/barcelone\/diagonal-mar\/#breadcrumb"},"inLanguage":"fr-FR","potentialAction":[{"@type":"ReadAction","target":["https:\/\/www.barcelona-sothebysrealty.com\/fr\/penthouses-vente\/barcelone\/diagonal-mar\/"]}]},{"@type":"BreadcrumbList","@id":"https:\/\/www.barcelona-sothebysrealty.com\/fr\/penthouses-vente\/barcelone\/diagonal-mar\/#breadcrumb","itemListElement":[{"@type":"ListItem","position":1,"name":"Portada","item":"https:\/\/www.barcelona-sothebysrealty.com\/fr\/"},{"@type":"ListItem","position":2,"name":"Penthouses \u00e0 vendre Barcelone &#8211; Achat et vente de penthouses de luxe","item":"https:\/\/www.barcelona-sothebysrealty.com\/fr\/penthouses-vente\/"},{"@type":"ListItem","position":3,"name":"Penthouses de luxe \u00e0 Barcelone","item":"https:\/\/www.barcelona-sothebysrealty.com\/fr\/penthouses-vente\/barcelone\/"},{"@type":"ListItem","position":4,"name":"Penthouses de luxe \u00e0 Diagonal Mar"}]}]}},"_links":{"self":[{"href":"https:\/\/www.barcelona-sothebysrealty.com\/fr\/wp-json\/wp\/v2\/pages\/94383"}],"collection":[{"href":"https:\/\/www.barcelona-sothebysrealty.com\/fr\/wp-json\/wp\/v2\/pages"}],"about":[{"href":"https:\/\/www.barcelona-sothebysrealty.com\/fr\/wp-json\/wp\/v2\/types\/page"}],"author":[{"embeddable":true,"href":"https:\/\/www.barcelona-sothebysrealty.com\/fr\/wp-json\/wp\/v2\/users\/2"}],"replies":[{"embeddable":true,"href":"https:\/\/www.barcelona-sothebysrealty.com\/fr\/wp-json\/wp\/v2\/comments?post=94383"}],"version-history":[{"count":0,"href":"https:\/\/www.barcelona-sothebysrealty.com\/fr\/wp-json\/wp\/v2\/pages\/94383\/revisions"}],"up":[{"embeddable":true,"href":"https:\/\/www.barcelona-sothebysrealty.com\/fr\/wp-json\/wp\/v2\/pages\/94318"}],"wp:attachment":[{"href":"https:\/\/www.barcelona-sothebysrealty.com\/fr\/wp-json\/wp\/v2\/media?parent=94383"}],"curies":[{"name":"wp","href":"https:\/\/api.w.org\/{rel}","templated":true}]}}