{"id":94552,"date":"2020-12-24T09:54:17","date_gmt":"2020-12-24T08:54:17","guid":{"rendered":"https:\/\/xanatis.com\/~barcelonasotheby\/villes-vente\/sitges\/"},"modified":"2024-06-07T15:19:49","modified_gmt":"2024-06-07T13:19:49","slug":"sitges","status":"publish","type":"page","link":"https:\/\/www.barcelona-sothebysrealty.com\/fr\/villa-vendre\/sitges\/","title":{"rendered":"Villa \u00e0 vendre \u00e0 Sitges"},"content":{"rendered":"<p>Chez Barcelona Sotheby\u2019s International Realty, nous disposons d\u2019un vaste catalogue de <strong>villas \u00e0 vendre \u00e0 Sitges<\/strong>, des propri\u00e9t\u00e9s uniques situ\u00e9es dans l\u2019une des municipalit\u00e9s de la c\u00f4te de Barcelone offrant <strong>la meilleure qualit\u00e9 de vie<\/strong>. Que vous recherchiez des propri\u00e9t\u00e9s neuves, des projets en construction ou des propri\u00e9t\u00e9s historiques restaur\u00e9es et r\u00e9nov\u00e9es, nous avons de quoi satisfaire tous les int\u00e9r\u00eats et besoins de nos clients. Si vous envisagez d\u2019acheter une villa de luxe sur la c\u00f4te catalane, n\u2019h\u00e9sitez pas \u00e0 contacter notre agence immobili\u00e8re pour obtenir des conseils d\u2019experts.<\/p>\n<p>Sitges est le lieu id\u00e9al pour les amoureux de la mer et des activit\u00e9s de plein air, car c\u2019est l\u2019une des villes qui b\u00e9n\u00e9ficie du plus grand nombre de jours de soleil par an. Mais son microclimat n\u2019est pas son seul atout : elle accueille le Festival international du film de Catalogne et son carnaval est c\u00e9l\u00e8bre dans toute la r\u00e9gion.<\/p>\n","protected":false},"excerpt":{"rendered":"<p>Chez Barcelona Sotheby\u2019s International Realty, nous disposons d\u2019un vaste catalogue de villas \u00e0 vendre \u00e0 Sitges, des propri\u00e9t\u00e9s uniques situ\u00e9es<a class=\"more-link\" href=\"https:\/\/www.barcelona-sothebysrealty.com\/fr\/villa-vendre\/sitges\/\">Llegir M\u00e9s<\/a><\/p>\n","protected":false},"author":2,"featured_media":0,"parent":94540,"menu_order":0,"comment_status":"closed","ping_status":"closed","template":"page-listado.php","meta":[],"yoast_head":"<!-- This site is optimized with the Yoast SEO plugin v17.1 - https:\/\/yoast.com\/wordpress\/plugins\/seo\/ -->\n<meta name=\"robots\" content=\"index, follow, max-snippet:-1, max-image-preview:large, max-video-preview:-1\" \/>\n<meta property=\"og:locale\" content=\"fr_FR\" \/>\n<meta property=\"og:type\" content=\"article\" \/>\n<meta property=\"og:title\" content=\"Villa \u00e0 vendre \u00e0 Sitges - Barcelona Sotheby&#039;s\" \/>\n<meta property=\"og:description\" content=\"Chez Barcelona Sotheby\u2019s International Realty, nous disposons d\u2019un vaste catalogue de villas \u00e0 vendre \u00e0 Sitges, des propri\u00e9t\u00e9s uniques situ\u00e9esLlegir M\u00e9s\" \/>\n<meta property=\"og:url\" content=\"https:\/\/www.barcelona-sothebysrealty.com\/fr\/villa-vendre\/sitges\/\" \/>\n<meta property=\"og:site_name\" content=\"Barcelona Sotheby&#039;s Realty\" \/>\n<meta property=\"article:modified_time\" content=\"2024-06-07T13:19:49+00:00\" \/>\n<meta name=\"twitter:card\" content=\"summary_large_image\" \/>\n<meta name=\"twitter:label1\" content=\"Dur\u00e9e de lecture est.\" \/>\n\t<meta name=\"twitter:data1\" content=\"1 minute\" \/>\n<script type=\"application\/ld+json\" class=\"yoast-schema-graph\">{\"@context\":\"https:\/\/schema.org\",\"@graph\":[{\"@type\":\"Organization\",\"@id\":\"https:\/\/www.barcelona-sothebysrealty.com\/es\/#organization\",\"name\":\"Barcelona Sotheby's Realty\",\"url\":\"https:\/\/www.barcelona-sothebysrealty.com\/es\/\",\"sameAs\":[],\"logo\":{\"@type\":\"ImageObject\",\"@id\":\"https:\/\/www.barcelona-sothebysrealty.com\/es\/#logo\",\"inLanguage\":\"fr-FR\",\"url\":\"https:\/\/www.barcelona-sothebysrealty.com\/wp-content\/uploads\/2023\/10\/sothebys-barcelona-logo-3.png\",\"contentUrl\":\"https:\/\/www.barcelona-sothebysrealty.com\/wp-content\/uploads\/2023\/10\/sothebys-barcelona-logo-3.png\",\"width\":274,\"height\":274,\"caption\":\"Barcelona Sotheby's Realty\"},\"image\":{\"@id\":\"https:\/\/www.barcelona-sothebysrealty.com\/es\/#logo\"}},{\"@type\":\"WebSite\",\"@id\":\"https:\/\/www.barcelona-sothebysrealty.com\/es\/#website\",\"url\":\"https:\/\/www.barcelona-sothebysrealty.com\/es\/\",\"name\":\"Barcelona Sotheby&#039;s\",\"description\":\"Otro sitio realizado con WordPress\",\"publisher\":{\"@id\":\"https:\/\/www.barcelona-sothebysrealty.com\/es\/#organization\"},\"potentialAction\":[{\"@type\":\"SearchAction\",\"target\":{\"@type\":\"EntryPoint\",\"urlTemplate\":\"https:\/\/www.barcelona-sothebysrealty.com\/es\/?s={search_term_string}\"},\"query-input\":\"required name=search_term_string\"}],\"inLanguage\":\"fr-FR\"},{\"@type\":\"WebPage\",\"@id\":\"https:\/\/www.barcelona-sothebysrealty.com\/fr\/villa-vendre\/sitges\/#webpage\",\"url\":\"https:\/\/www.barcelona-sothebysrealty.com\/fr\/villa-vendre\/sitges\/\",\"name\":\"Villa \\u00e0 vendre \\u00e0 Sitges - Barcelona Sotheby&#039;s\",\"isPartOf\":{\"@id\":\"https:\/\/www.barcelona-sothebysrealty.com\/es\/#website\"},\"datePublished\":\"2020-12-24T08:54:17+00:00\",\"dateModified\":\"2024-06-07T13:19:49+00:00\",\"breadcrumb\":{\"@id\":\"https:\/\/www.barcelona-sothebysrealty.com\/fr\/villa-vendre\/sitges\/#breadcrumb\"},\"inLanguage\":\"fr-FR\",\"potentialAction\":[{\"@type\":\"ReadAction\",\"target\":[\"https:\/\/www.barcelona-sothebysrealty.com\/fr\/villa-vendre\/sitges\/\"]}]},{\"@type\":\"BreadcrumbList\",\"@id\":\"https:\/\/www.barcelona-sothebysrealty.com\/fr\/villa-vendre\/sitges\/#breadcrumb\",\"itemListElement\":[{\"@type\":\"ListItem\",\"position\":1,\"name\":\"Portada\",\"item\":\"https:\/\/www.barcelona-sothebysrealty.com\/fr\/\"},{\"@type\":\"ListItem\",\"position\":2,\"name\":\"Villas \\u00e0 vendre &#8211; Achat et vente de villas de luxe\",\"item\":\"https:\/\/www.barcelona-sothebysrealty.com\/fr\/villa-vendre\/\"},{\"@type\":\"ListItem\",\"position\":3,\"name\":\"Villa \\u00e0 vendre \\u00e0 Sitges\"}]}]}<\/script>\n<!-- \/ Yoast SEO plugin. -->","yoast_head_json":{"robots":{"index":"index","follow":"follow","max-snippet":"max-snippet:-1","max-image-preview":"max-image-preview:large","max-video-preview":"max-video-preview:-1"},"og_locale":"fr_FR","og_type":"article","og_title":"Villa \u00e0 vendre \u00e0 Sitges - Barcelona Sotheby&#039;s","og_description":"Chez Barcelona Sotheby\u2019s International Realty, nous disposons d\u2019un vaste catalogue de villas \u00e0 vendre \u00e0 Sitges, des propri\u00e9t\u00e9s uniques situ\u00e9esLlegir M\u00e9s","og_url":"https:\/\/www.barcelona-sothebysrealty.com\/fr\/villa-vendre\/sitges\/","og_site_name":"Barcelona Sotheby's Realty","article_modified_time":"2024-06-07T13:19:49+00:00","twitter_card":"summary_large_image","twitter_misc":{"Dur\u00e9e de lecture est.":"1 minute"},"schema":{"@context":"https:\/\/schema.org","@graph":[{"@type":"Organization","@id":"https:\/\/www.barcelona-sothebysrealty.com\/es\/#organization","name":"Barcelona Sotheby's Realty","url":"https:\/\/www.barcelona-sothebysrealty.com\/es\/","sameAs":[],"logo":{"@type":"ImageObject","@id":"https:\/\/www.barcelona-sothebysrealty.com\/es\/#logo","inLanguage":"fr-FR","url":"https:\/\/www.barcelona-sothebysrealty.com\/wp-content\/uploads\/2023\/10\/sothebys-barcelona-logo-3.png","contentUrl":"https:\/\/www.barcelona-sothebysrealty.com\/wp-content\/uploads\/2023\/10\/sothebys-barcelona-logo-3.png","width":274,"height":274,"caption":"Barcelona Sotheby's Realty"},"image":{"@id":"https:\/\/www.barcelona-sothebysrealty.com\/es\/#logo"}},{"@type":"WebSite","@id":"https:\/\/www.barcelona-sothebysrealty.com\/es\/#website","url":"https:\/\/www.barcelona-sothebysrealty.com\/es\/","name":"Barcelona Sotheby&#039;s","description":"Otro sitio realizado con WordPress","publisher":{"@id":"https:\/\/www.barcelona-sothebysrealty.com\/es\/#organization"},"potentialAction":[{"@type":"SearchAction","target":{"@type":"EntryPoint","urlTemplate":"https:\/\/www.barcelona-sothebysrealty.com\/es\/?s={search_term_string}"},"query-input":"required name=search_term_string"}],"inLanguage":"fr-FR"},{"@type":"WebPage","@id":"https:\/\/www.barcelona-sothebysrealty.com\/fr\/villa-vendre\/sitges\/#webpage","url":"https:\/\/www.barcelona-sothebysrealty.com\/fr\/villa-vendre\/sitges\/","name":"Villa \u00e0 vendre \u00e0 Sitges - Barcelona Sotheby&#039;s","isPartOf":{"@id":"https:\/\/www.barcelona-sothebysrealty.com\/es\/#website"},"datePublished":"2020-12-24T08:54:17+00:00","dateModified":"2024-06-07T13:19:49+00:00","breadcrumb":{"@id":"https:\/\/www.barcelona-sothebysrealty.com\/fr\/villa-vendre\/sitges\/#breadcrumb"},"inLanguage":"fr-FR","potentialAction":[{"@type":"ReadAction","target":["https:\/\/www.barcelona-sothebysrealty.com\/fr\/villa-vendre\/sitges\/"]}]},{"@type":"BreadcrumbList","@id":"https:\/\/www.barcelona-sothebysrealty.com\/fr\/villa-vendre\/sitges\/#breadcrumb","itemListElement":[{"@type":"ListItem","position":1,"name":"Portada","item":"https:\/\/www.barcelona-sothebysrealty.com\/fr\/"},{"@type":"ListItem","position":2,"name":"Villas \u00e0 vendre &#8211; Achat et vente de villas de luxe","item":"https:\/\/www.barcelona-sothebysrealty.com\/fr\/villa-vendre\/"},{"@type":"ListItem","position":3,"name":"Villa \u00e0 vendre \u00e0 Sitges"}]}]}},"_links":{"self":[{"href":"https:\/\/www.barcelona-sothebysrealty.com\/fr\/wp-json\/wp\/v2\/pages\/94552"}],"collection":[{"href":"https:\/\/www.barcelona-sothebysrealty.com\/fr\/wp-json\/wp\/v2\/pages"}],"about":[{"href":"https:\/\/www.barcelona-sothebysrealty.com\/fr\/wp-json\/wp\/v2\/types\/page"}],"author":[{"embeddable":true,"href":"https:\/\/www.barcelona-sothebysrealty.com\/fr\/wp-json\/wp\/v2\/users\/2"}],"replies":[{"embeddable":true,"href":"https:\/\/www.barcelona-sothebysrealty.com\/fr\/wp-json\/wp\/v2\/comments?post=94552"}],"version-history":[{"count":0,"href":"https:\/\/www.barcelona-sothebysrealty.com\/fr\/wp-json\/wp\/v2\/pages\/94552\/revisions"}],"up":[{"embeddable":true,"href":"https:\/\/www.barcelona-sothebysrealty.com\/fr\/wp-json\/wp\/v2\/pages\/94540"}],"wp:attachment":[{"href":"https:\/\/www.barcelona-sothebysrealty.com\/fr\/wp-json\/wp\/v2\/media?parent=94552"}],"curies":[{"name":"wp","href":"https:\/\/api.w.org\/{rel}","templated":true}]}}