{"id":6197688,"date":"2020-12-24T09:13:04","date_gmt":"2020-12-24T08:13:04","guid":{"rendered":"https:\/\/www.barcelona-sothebysrealty.com\/huizen-verkoop\/empuriabrava\/"},"modified":"2024-03-21T16:41:51","modified_gmt":"2024-03-21T15:41:51","slug":"empuriabrava","status":"publish","type":"page","link":"https:\/\/www.barcelona-sothebysrealty.com\/nl\/huizen-te-koop\/empuriabrava\/","title":{"rendered":"Luxe huizen in Empuriabrava"},"content":{"rendered":"<p>Bij Costa Brava Sotheby&#8217;s International Realty zijn wij gespecialiseerd in de aan- en verkoop van woningen en in de ontwikkeling van nieuwbouwprojecten, allemaal gelegen in de beste delen van de kustlijn van Girona en gekozen met als doel de meest veeleisende klanten tevreden te stellen.<\/p>\n<p>Empuriabrava staat bekend als het Catalaanse Veneti\u00eb en is een woonwijk die behoort tot Castell\u00f3 d&#8217;Emp\u00faries, een gemeente in de regio Alt Empord\u00e0, gelegen tussen Roses en Sant Pere Pescador. Het wordt omgeven door het Parc dels Aiguamolls de l&#8217;Empord\u00e0, heeft meer dan 23 km aan bevaarbare kanalen en 500 ligplaatsen en wordt beschouwd als de grootste residenti\u00eble jachthaven van Europa.<\/p>\n<p>In onze catalogus vindt u exclusieve huizen te koop in Empuriabrava, Costa Brava, allemaal geselecteerd volgens onze meest veeleisende kwaliteitsnormen, waarbij we altijd denken aan het welzijn en de belangen van toekomstige eigenaren of investeerders.<\/p>\n","protected":false},"excerpt":{"rendered":"<p>Bij Costa Brava Sotheby&#8217;s International Realty zijn wij gespecialiseerd in de aan- en verkoop van woningen en in de ontwikkeling<a class=\"more-link\" href=\"https:\/\/www.barcelona-sothebysrealty.com\/nl\/huizen-te-koop\/empuriabrava\/\">Llegir M\u00e9s<\/a><\/p>\n","protected":false},"author":2,"featured_media":0,"parent":6197319,"menu_order":0,"comment_status":"closed","ping_status":"closed","template":"page-listado.php","meta":[],"yoast_head":"<!-- This site is optimized with the Yoast SEO plugin v17.1 - https:\/\/yoast.com\/wordpress\/plugins\/seo\/ -->\n<meta name=\"robots\" content=\"index, follow, max-snippet:-1, max-image-preview:large, max-video-preview:-1\" \/>\n<meta property=\"og:locale\" content=\"nl_NL\" \/>\n<meta property=\"og:type\" content=\"article\" \/>\n<meta property=\"og:title\" content=\"Luxe huizen in Empuriabrava - Barcelona Sotheby&#039;s\" \/>\n<meta property=\"og:description\" content=\"Bij Costa Brava Sotheby&#8217;s International Realty zijn wij gespecialiseerd in de aan- en verkoop van woningen en in de ontwikkelingLlegir M\u00e9s\" \/>\n<meta property=\"og:url\" content=\"https:\/\/www.barcelona-sothebysrealty.com\/nl\/huizen-te-koop\/empuriabrava\/\" \/>\n<meta property=\"og:site_name\" content=\"Barcelona Sotheby&#039;s Realty\" \/>\n<meta property=\"article:modified_time\" content=\"2024-03-21T15:41:51+00:00\" \/>\n<meta name=\"twitter:card\" content=\"summary_large_image\" \/>\n<meta name=\"twitter:label1\" content=\"Geschatte leestijd\" \/>\n\t<meta name=\"twitter:data1\" content=\"1 minuut\" \/>\n<script type=\"application\/ld+json\" class=\"yoast-schema-graph\">{\"@context\":\"https:\/\/schema.org\",\"@graph\":[{\"@type\":\"Organization\",\"@id\":\"https:\/\/www.barcelona-sothebysrealty.com\/es\/#organization\",\"name\":\"Barcelona Sotheby's Realty\",\"url\":\"https:\/\/www.barcelona-sothebysrealty.com\/es\/\",\"sameAs\":[],\"logo\":{\"@type\":\"ImageObject\",\"@id\":\"https:\/\/www.barcelona-sothebysrealty.com\/es\/#logo\",\"inLanguage\":\"nl\",\"url\":\"https:\/\/www.barcelona-sothebysrealty.com\/wp-content\/uploads\/2023\/10\/sothebys-barcelona-logo-3.png\",\"contentUrl\":\"https:\/\/www.barcelona-sothebysrealty.com\/wp-content\/uploads\/2023\/10\/sothebys-barcelona-logo-3.png\",\"width\":274,\"height\":274,\"caption\":\"Barcelona Sotheby's Realty\"},\"image\":{\"@id\":\"https:\/\/www.barcelona-sothebysrealty.com\/es\/#logo\"}},{\"@type\":\"WebSite\",\"@id\":\"https:\/\/www.barcelona-sothebysrealty.com\/es\/#website\",\"url\":\"https:\/\/www.barcelona-sothebysrealty.com\/es\/\",\"name\":\"Barcelona Sotheby&#039;s\",\"description\":\"Otro sitio realizado con WordPress\",\"publisher\":{\"@id\":\"https:\/\/www.barcelona-sothebysrealty.com\/es\/#organization\"},\"potentialAction\":[{\"@type\":\"SearchAction\",\"target\":{\"@type\":\"EntryPoint\",\"urlTemplate\":\"https:\/\/www.barcelona-sothebysrealty.com\/es\/?s={search_term_string}\"},\"query-input\":\"required name=search_term_string\"}],\"inLanguage\":\"nl\"},{\"@type\":\"WebPage\",\"@id\":\"https:\/\/www.barcelona-sothebysrealty.com\/nl\/huizen-te-koop\/empuriabrava\/#webpage\",\"url\":\"https:\/\/www.barcelona-sothebysrealty.com\/nl\/huizen-te-koop\/empuriabrava\/\",\"name\":\"Luxe huizen in Empuriabrava - Barcelona Sotheby&#039;s\",\"isPartOf\":{\"@id\":\"https:\/\/www.barcelona-sothebysrealty.com\/es\/#website\"},\"datePublished\":\"2020-12-24T08:13:04+00:00\",\"dateModified\":\"2024-03-21T15:41:51+00:00\",\"breadcrumb\":{\"@id\":\"https:\/\/www.barcelona-sothebysrealty.com\/nl\/huizen-te-koop\/empuriabrava\/#breadcrumb\"},\"inLanguage\":\"nl\",\"potentialAction\":[{\"@type\":\"ReadAction\",\"target\":[\"https:\/\/www.barcelona-sothebysrealty.com\/nl\/huizen-te-koop\/empuriabrava\/\"]}]},{\"@type\":\"BreadcrumbList\",\"@id\":\"https:\/\/www.barcelona-sothebysrealty.com\/nl\/huizen-te-koop\/empuriabrava\/#breadcrumb\",\"itemListElement\":[{\"@type\":\"ListItem\",\"position\":1,\"name\":\"Portada\",\"item\":\"https:\/\/www.barcelona-sothebysrealty.com\/nl\/\"},{\"@type\":\"ListItem\",\"position\":2,\"name\":\"Barcelona en Costa Brava &#8211; Luxe eigendommen kopen en verkopen\",\"item\":\"https:\/\/www.barcelona-sothebysrealty.com\/nl\/huizen-te-koop\/\"},{\"@type\":\"ListItem\",\"position\":3,\"name\":\"Luxe huizen in Empuriabrava\"}]}]}<\/script>\n<!-- \/ Yoast SEO plugin. -->","yoast_head_json":{"robots":{"index":"index","follow":"follow","max-snippet":"max-snippet:-1","max-image-preview":"max-image-preview:large","max-video-preview":"max-video-preview:-1"},"og_locale":"nl_NL","og_type":"article","og_title":"Luxe huizen in Empuriabrava - Barcelona Sotheby&#039;s","og_description":"Bij Costa Brava Sotheby&#8217;s International Realty zijn wij gespecialiseerd in de aan- en verkoop van woningen en in de ontwikkelingLlegir M\u00e9s","og_url":"https:\/\/www.barcelona-sothebysrealty.com\/nl\/huizen-te-koop\/empuriabrava\/","og_site_name":"Barcelona Sotheby's Realty","article_modified_time":"2024-03-21T15:41:51+00:00","twitter_card":"summary_large_image","twitter_misc":{"Geschatte leestijd":"1 minuut"},"schema":{"@context":"https:\/\/schema.org","@graph":[{"@type":"Organization","@id":"https:\/\/www.barcelona-sothebysrealty.com\/es\/#organization","name":"Barcelona Sotheby's Realty","url":"https:\/\/www.barcelona-sothebysrealty.com\/es\/","sameAs":[],"logo":{"@type":"ImageObject","@id":"https:\/\/www.barcelona-sothebysrealty.com\/es\/#logo","inLanguage":"nl","url":"https:\/\/www.barcelona-sothebysrealty.com\/wp-content\/uploads\/2023\/10\/sothebys-barcelona-logo-3.png","contentUrl":"https:\/\/www.barcelona-sothebysrealty.com\/wp-content\/uploads\/2023\/10\/sothebys-barcelona-logo-3.png","width":274,"height":274,"caption":"Barcelona Sotheby's Realty"},"image":{"@id":"https:\/\/www.barcelona-sothebysrealty.com\/es\/#logo"}},{"@type":"WebSite","@id":"https:\/\/www.barcelona-sothebysrealty.com\/es\/#website","url":"https:\/\/www.barcelona-sothebysrealty.com\/es\/","name":"Barcelona Sotheby&#039;s","description":"Otro sitio realizado con WordPress","publisher":{"@id":"https:\/\/www.barcelona-sothebysrealty.com\/es\/#organization"},"potentialAction":[{"@type":"SearchAction","target":{"@type":"EntryPoint","urlTemplate":"https:\/\/www.barcelona-sothebysrealty.com\/es\/?s={search_term_string}"},"query-input":"required name=search_term_string"}],"inLanguage":"nl"},{"@type":"WebPage","@id":"https:\/\/www.barcelona-sothebysrealty.com\/nl\/huizen-te-koop\/empuriabrava\/#webpage","url":"https:\/\/www.barcelona-sothebysrealty.com\/nl\/huizen-te-koop\/empuriabrava\/","name":"Luxe huizen in Empuriabrava - Barcelona Sotheby&#039;s","isPartOf":{"@id":"https:\/\/www.barcelona-sothebysrealty.com\/es\/#website"},"datePublished":"2020-12-24T08:13:04+00:00","dateModified":"2024-03-21T15:41:51+00:00","breadcrumb":{"@id":"https:\/\/www.barcelona-sothebysrealty.com\/nl\/huizen-te-koop\/empuriabrava\/#breadcrumb"},"inLanguage":"nl","potentialAction":[{"@type":"ReadAction","target":["https:\/\/www.barcelona-sothebysrealty.com\/nl\/huizen-te-koop\/empuriabrava\/"]}]},{"@type":"BreadcrumbList","@id":"https:\/\/www.barcelona-sothebysrealty.com\/nl\/huizen-te-koop\/empuriabrava\/#breadcrumb","itemListElement":[{"@type":"ListItem","position":1,"name":"Portada","item":"https:\/\/www.barcelona-sothebysrealty.com\/nl\/"},{"@type":"ListItem","position":2,"name":"Barcelona en Costa Brava &#8211; Luxe eigendommen kopen en verkopen","item":"https:\/\/www.barcelona-sothebysrealty.com\/nl\/huizen-te-koop\/"},{"@type":"ListItem","position":3,"name":"Luxe huizen in Empuriabrava"}]}]}},"_links":{"self":[{"href":"https:\/\/www.barcelona-sothebysrealty.com\/nl\/wp-json\/wp\/v2\/pages\/6197688"}],"collection":[{"href":"https:\/\/www.barcelona-sothebysrealty.com\/nl\/wp-json\/wp\/v2\/pages"}],"about":[{"href":"https:\/\/www.barcelona-sothebysrealty.com\/nl\/wp-json\/wp\/v2\/types\/page"}],"author":[{"embeddable":true,"href":"https:\/\/www.barcelona-sothebysrealty.com\/nl\/wp-json\/wp\/v2\/users\/2"}],"replies":[{"embeddable":true,"href":"https:\/\/www.barcelona-sothebysrealty.com\/nl\/wp-json\/wp\/v2\/comments?post=6197688"}],"version-history":[{"count":0,"href":"https:\/\/www.barcelona-sothebysrealty.com\/nl\/wp-json\/wp\/v2\/pages\/6197688\/revisions"}],"up":[{"embeddable":true,"href":"https:\/\/www.barcelona-sothebysrealty.com\/nl\/wp-json\/wp\/v2\/pages\/6197319"}],"wp:attachment":[{"href":"https:\/\/www.barcelona-sothebysrealty.com\/nl\/wp-json\/wp\/v2\/media?parent=6197688"}],"curies":[{"name":"wp","href":"https:\/\/api.w.org\/{rel}","templated":true}]}}